{"id":3771,"date":"2024-06-30T19:59:05","date_gmt":"2024-06-30T16:59:05","guid":{"rendered":"https:\/\/raroia.gr\/condiciones-generales-de-uso\/"},"modified":"2026-02-15T15:50:07","modified_gmt":"2026-02-15T12:50:07","slug":"condiciones-generales-de-uso","status":"publish","type":"page","link":"https:\/\/raroia.gr\/es\/condiciones-generales-de-uso\/","title":{"rendered":"Condiciones generales de uso"},"content":{"rendered":"\n<p>Bienvenido a <a href=\"http:\/\/www.raroia.gr\">www.raroia.gr.<\/a> <\/p>\n\n<p>Antes de proceder a la utilizaci\u00f3n de nuestros servicios o de realizar cualquier pedido, lea atentamente estas condiciones de uso, ya que el acceso al sitio implica la aceptaci\u00f3n incondicional de las mismas.<\/p>\n\n<p><\/p>\n\n<h3 class=\"wp-block-heading\">Condiciones de uso &#8211; <a rel=\"noreferrer noopener\" href=\"http:\/\/www.raroia.gr\/\" target=\"_blank\">www.raroia.gr<\/a><\/h3>\n\n<h4 class=\"wp-block-heading\">1. Introducci\u00f3n<\/h4>\n\n<p>El uso del sitio web <a rel=\"noreferrer noopener\" href=\"http:\/\/www.raroia.gr\/\" target=\"_blank\">www.raroia.gr<\/a> implica la aceptaci\u00f3n sin reservas de las condiciones de uso. Aseg\u00farese de haber le\u00eddo y comprendido los t\u00e9rminos antes de utilizar el sitio web o realizar cualquier pedido. Si no est\u00e1 de acuerdo con alguna de las condiciones, no utilice el sitio web. El uso continuado implica la aceptaci\u00f3n de los t\u00e9rminos y de cualquier cambio.<\/p>\n\n<h4 class=\"wp-block-heading\">2. Condiciones generales<\/h4>\n\n<p>2.1 La p\u00e1gina web <a href=\"http:\/\/www.raroia.gr\/\" target=\"_blank\" rel=\"noreferrer noopener\">www.raroia.gr<\/a> incluye la tienda online de la empresa VIGIEGAS MEHIAS KEIMBA ANTONELLA, Estrategos Stefanos Sarafis 7, Alimos, T.K. 17455, N.F.D.: 152111014, D.O.Y.: Glyfada, Tel.: +30 697 0024157<\/p>\n\n<p>2.2 Al realizar un pedido, usted acepta quedar vinculado por los t\u00e9rminos y condiciones. Por favor, l\u00e9elas y compr\u00e9ndelas antes de proceder. <\/p>\n\n<p>2.3 Para hacer un pedido, debes tener al menos 18 a\u00f1os, ser legalmente competente y tener una direcci\u00f3n v\u00e1lida de correo electr\u00f3nico y postal.<\/p>\n\n<p>2.4 No puedes hacer pedidos para empresas ni como comerciante. No emitimos facturas para uso corporativo. <\/p>\n\n<p>2.5 Las condiciones del sitio se pueden cambiar o modificar sin previo aviso. Los cambios se aplicar\u00e1n en cuanto los acepte con una nueva compra. Por favor, visita el sitio web regularmente para ver las actualizaciones.<\/p>\n\n<h4 class=\"wp-block-heading\">3. Propiedad intelectual<\/h4>\n\n<p>3.1 Todo el dise\u00f1o, texto, gr\u00e1ficos y configuraciones del sitio web son propiedad de la empresa y est\u00e1n protegidos por derechos de autor.<\/p>\n\n<p>3.2 Queda prohibida la reproducci\u00f3n, distribuci\u00f3n o modificaci\u00f3n del contenido sin autorizaci\u00f3n por escrito.<\/p>\n\n<h4 class=\"wp-block-heading\">4. Protecci\u00f3n de datos personales<\/h4>\n\n<p>4.1 Los datos personales facilitados al realizar el pedido se utilizar\u00e1n de acuerdo con la Declaraci\u00f3n de privacidad.<\/p>\n\n<p>4.2 Los datos no se revelan a terceros, a menos que lo exija la ley. La introducci\u00f3n de los datos de la tarjeta de cr\u00e9dito se realiza en un entorno seguro del banco. <\/p>\n\n<p>4.3 Los datos se utilizan para comunicarnos contigo sobre el pedido, nuevos productos y ofertas.<\/p>\n\n<h4 class=\"wp-block-heading\">5. \u00d3rdenes y protecci\u00f3n de los consumidores<\/h4>\n\n<p>5.1 Los pedidos constituyen un contrato de venta a distancia en los t\u00e9rminos de la Ley 2251\/1994 y Decreto Presidencial 131\/2003. <\/p>\n\n<p>5.2 Los Usuarios deben ser mayores de 18 a\u00f1os y tener capacidad legal.<\/p>\n\n<p>5.3 Nos reservamos el derecho a no aceptar tu pedido por diversas razones.<\/p>\n\n<p>5.4 Si recibimos el pago de un pedido que no aceptamos, reembolsaremos el dinero utilizando el mismo m\u00e9todo de pago.<\/p>\n\n<h4 class=\"wp-block-heading\">6. Tarifas y gastos de env\u00edo<\/h4>\n\n<p>6.1 Los precios incluyen el 24% de IVA, pero no los gastos de env\u00edo. El coste total de tu pedido, incluidos los gastos de env\u00edo, se mostrar\u00e1 durante la finalizaci\u00f3n del pago. <\/p>\n\n<p>6.2 Los gastos de env\u00edo son de 3,50\u20ac. Si se requiere m\u00e1s de un env\u00edo, s\u00f3lo se te cobrar\u00e1 los gastos una vez. Los pedidos superiores a 200 euros se env\u00edan gratuitamente.  <\/p>\n\n<p>6.3 Las ofertas s\u00f3lo son v\u00e1lidas durante el periodo especificado y en las condiciones pertinentes.<\/p>\n\n<h4 class=\"wp-block-heading\">7. Hacer un pedido<\/h4>\n\n<p>7.1 A\u00f1ade los productos a tu carrito y procede al pago. Al seleccionar \u00abCompletar pedido\u00bb, realizas una oferta de compra vinculante. <\/p>\n\n<p>7.2 Recibir\u00e1s un correo electr\u00f3nico de confirmaci\u00f3n. El pedido no ser\u00e1 vinculante hasta que lo aceptemos y te enviemos un correo electr\u00f3nico de confirmaci\u00f3n del env\u00edo. <\/p>\n\n<p>7.3 Podemos no aceptar el pedido por diversas razones.<\/p>\n\n<p>7.4 Si recibimos el pago de un pedido que no aceptamos, reembolsaremos el dinero utilizando el mismo m\u00e9todo de pago.<\/p>\n\n<h4 class=\"wp-block-heading\">8. M\u00e9todos de pago<\/h4>\n\n<p>8.1 Puedes pagar con tarjeta de d\u00e9bito o cr\u00e9dito (VISA o Mastercard) o cuenta PayPal<\/p>\n\n<p>8.2 El pago con tarjeta se realiza a trav\u00e9s de un entorno bancario seguro.<\/p>\n\n<p>8.3 En caso de pago a trav\u00e9s de PayPal, comprobamos la validez de la cuenta y los datos de facturaci\u00f3n.<\/p>\n\n<p><\/p>\n\n<h4 class=\"wp-block-heading\">9. Entrega<\/h4>\n\n<p>9.1 Las opciones y los gastos de env\u00edo se muestran al finalizar el pedido.<\/p>\n\n<p>9.2 Nos esforzamos por realizar la entrega a tiempo. Si se produce alg\u00fan retraso, p\u00f3ngase en contacto con el Servicio de Atenci\u00f3n al Cliente. <\/p>\n\n<p>9.3 Si el pedido no puede entregarse tras varios intentos, se te cobrar\u00e1n los gastos de devoluci\u00f3n.<\/p>\n\n<h4 class=\"wp-block-heading\">10. Devoluciones<\/h4>\n\n<p>10.1 Puedes desistir de la compra en un plazo de 14 d\u00edas a partir de la recepci\u00f3n.<\/p>\n\n<p>10.2 Devuelva los productos utilizando el formulario preimpreso o inf\u00f3rmanos por correo electr\u00f3nico.<\/p>\n\n<p>10.3 El producto devuelto debe estar en perfectas condiciones y en el embalaje original, en el mismo estado impecable en que lo recibiste e incluyendo cualquier marca especial del producto (etiquetas). Y por razones de higiene, no debe haberse retirado la Cinta Especial. Los gastos de devoluci\u00f3n corren a cargo del cliente, a menos que el producto sea defectuoso o incorrecto. En este caso, cubrimos los gastos de devoluci\u00f3n (s\u00f3lo una vez).    <\/p>\n\n<h4 class=\"wp-block-heading\">11. Fuerza mayor<\/h4>\n\n<p>11.1 En casos de fuerza mayor que retrasen la entrega, se te notificar\u00e1 por correo electr\u00f3nico. No nos hacemos responsables de situaciones ajenas a nuestra voluntad y nos esforzaremos por atenderte lo mejor posible. <\/p>\n\n<p>11.2 Si el pedido no puede entregarse por causas de fuerza mayor, puedes cancelarlo y recibir un reembolso.<\/p>\n\n<h4 class=\"wp-block-heading\">12. Modificaci\u00f3n de las condiciones<\/h4>\n\n<p>12.1 <a rel=\"noreferrer noopener\" href=\"http:\/\/www.raroia.gr\/\" target=\"_blank\">www.raroia.gr<\/a> se reserva el derecho a modificar los t\u00e9rminos y condiciones. Los cambios se publicar\u00e1n en el sitio web. Si no recibe los productos, p\u00f3ngase en contacto con nosotros.<\/p>\n\n<p>12.2 Los cambios son efectivos desde el momento en que los aceptas con una nueva compra. Por favor, comprueba regularmente el sitio web para ver las actualizaciones. <\/p>\n\n<h4 class=\"wp-block-heading\">13. Cupones de descuento<\/h4>\n\n<p>13.1 Cada pedido s\u00f3lo puede incluir un vale de descuento.<\/p>\n\n<p>13.2 Los c\u00f3digos de descuento y las ofertas son v\u00e1lidos durante el periodo de tiempo especificado y en las condiciones pertinentes.<\/p>\n\n<p>13.3 Para utilizar una oferta, introduzca el c\u00f3digo antes de completar el pedido.<\/p>\n\n<h4 class=\"wp-block-heading\">14. Contacto<\/h4>\n\n<p>14.1 Para preguntas o problemas relacionados con las Condiciones de uso, ponte en contacto con el servicio de atenci\u00f3n al cliente por correo electr\u00f3nico o por tel\u00e9fono.<\/p>\n\n<h4 class=\"wp-block-heading\">15. Limitaci\u00f3n de responsabilidad<\/h4>\n\n<p>15.1 La empresa no se hace responsable de ninguna p\u00e9rdida o da\u00f1o directo, indirecto o consecuente derivado del uso del sitio web o de los productos.<\/p>\n\n<h4 class=\"wp-block-heading\">16. Ley aplicable y jurisdicci\u00f3n<\/h4>\n\n<p>16.1 Las Condiciones se rigen por la legislaci\u00f3n griega. Cualquier disputa ser\u00e1 resuelta por los tribunales de Atenas. <\/p>\n\n<h4 class=\"wp-block-heading\">17. Seguridad de las transacciones<\/h4>\n\n<p>17.1 La empresa toma medidas para garantizar la seguridad de las transacciones. No se hace responsable de los da\u00f1os derivados del uso del sitio web. <\/p>\n\n<h4 class=\"wp-block-heading\">18. Garant\u00edas de los productos<\/h4>\n\n<p>18.1 Los productos est\u00e1n cubiertos por las garant\u00edas legales de la legislaci\u00f3n griega.<\/p>\n\n<p>\u00a1Gracias por elegir <a rel=\"noreferrer noopener\" href=\"http:\/\/www.raroia.gr\/\" target=\"_blank\">www.raroia.gr<\/a> para tus compras!<\/p>\n\n<p><\/p>\n","protected":false},"excerpt":{"rendered":"<p>Bienvenido a www.raroia.gr. Antes de proceder a la utilizaci\u00f3n de nuestros servicios o de realizar cualquier pedido, lea atentamente estas condiciones de uso, ya que&#8230;<\/p>\n","protected":false},"author":1,"featured_media":0,"parent":0,"menu_order":0,"comment_status":"closed","ping_status":"closed","template":"","meta":{"_monsterinsights_skip_tracking":false,"_monsterinsights_sitenote_active":false,"_monsterinsights_sitenote_note":"","_monsterinsights_sitenote_category":0,"footnotes":""},"class_list":["post-3771","page","type-page","status-publish","hentry"],"yoast_head":"<!-- This site is optimized with the Yoast SEO plugin v27.4 - https:\/\/yoast.com\/product\/yoast-seo-wordpress\/ -->\n<title>Condiciones generales de uso - Raroia<\/title>\n<meta name=\"robots\" content=\"index, follow, max-snippet:-1, max-image-preview:large, max-video-preview:-1\" \/>\n<link rel=\"canonical\" href=\"https:\/\/raroia.gr\/es\/condiciones-generales-de-uso\/\" \/>\n<meta property=\"og:locale\" content=\"es_ES\" \/>\n<meta property=\"og:type\" content=\"article\" \/>\n<meta property=\"og:title\" content=\"Condiciones generales de uso - Raroia\" \/>\n<meta property=\"og:description\" content=\"Bienvenido a www.raroia.gr. Antes de proceder a la utilizaci\u00f3n de nuestros servicios o de realizar cualquier pedido, lea atentamente estas condiciones de uso, ya que...\" \/>\n<meta property=\"og:url\" content=\"https:\/\/raroia.gr\/es\/condiciones-generales-de-uso\/\" \/>\n<meta property=\"og:site_name\" content=\"Raroia\" \/>\n<meta property=\"article:publisher\" content=\"https:\/\/www.facebook.com\/raroiaswimwear\" \/>\n<meta property=\"article:modified_time\" content=\"2026-02-15T12:50:07+00:00\" \/>\n<meta name=\"twitter:card\" content=\"summary_large_image\" \/>\n<meta name=\"twitter:label1\" content=\"Tiempo de lectura\" \/>\n\t<meta name=\"twitter:data1\" content=\"6 minutos\" \/>\n<script type=\"application\/ld+json\" class=\"yoast-schema-graph\">{\"@context\":\"https:\\\/\\\/schema.org\",\"@graph\":[{\"@type\":\"WebPage\",\"@id\":\"https:\\\/\\\/raroia.gr\\\/es\\\/condiciones-generales-de-uso\\\/\",\"url\":\"https:\\\/\\\/raroia.gr\\\/es\\\/condiciones-generales-de-uso\\\/\",\"name\":\"Condiciones generales de uso - Raroia\",\"isPartOf\":{\"@id\":\"https:\\\/\\\/raroia.gr\\\/#website\"},\"datePublished\":\"2024-06-30T16:59:05+00:00\",\"dateModified\":\"2026-02-15T12:50:07+00:00\",\"breadcrumb\":{\"@id\":\"https:\\\/\\\/raroia.gr\\\/es\\\/condiciones-generales-de-uso\\\/#breadcrumb\"},\"inLanguage\":\"es\",\"potentialAction\":[{\"@type\":\"ReadAction\",\"target\":[\"https:\\\/\\\/raroia.gr\\\/es\\\/condiciones-generales-de-uso\\\/\"]}]},{\"@type\":\"BreadcrumbList\",\"@id\":\"https:\\\/\\\/raroia.gr\\\/es\\\/condiciones-generales-de-uso\\\/#breadcrumb\",\"itemListElement\":[{\"@type\":\"ListItem\",\"position\":1,\"name\":\"Home\",\"item\":\"https:\\\/\\\/raroia.gr\\\/raroia-%ce%b3%cf%85%ce%bd%ce%b1%ce%b9%ce%ba%ce%b5%ce%af%ce%b1-%ce%bc%ce%b1%ce%b3%ce%b9%cf%8c\\\/\"},{\"@type\":\"ListItem\",\"position\":2,\"name\":\"Condiciones generales de uso\"}]},{\"@type\":\"WebSite\",\"@id\":\"https:\\\/\\\/raroia.gr\\\/#website\",\"url\":\"https:\\\/\\\/raroia.gr\\\/\",\"name\":\"Raroia\",\"description\":\"\u0393\u03c5\u03bd\u03b1\u03b9\u03ba\u03b5\u03af\u03b1 \u03bc\u03b1\u03b3\u03b9\u03cc\",\"publisher\":{\"@id\":\"https:\\\/\\\/raroia.gr\\\/#organization\"},\"potentialAction\":[{\"@type\":\"SearchAction\",\"target\":{\"@type\":\"EntryPoint\",\"urlTemplate\":\"https:\\\/\\\/raroia.gr\\\/?s={search_term_string}\"},\"query-input\":{\"@type\":\"PropertyValueSpecification\",\"valueRequired\":true,\"valueName\":\"search_term_string\"}}],\"inLanguage\":\"es\"},{\"@type\":\"Organization\",\"@id\":\"https:\\\/\\\/raroia.gr\\\/#organization\",\"name\":\"Raroia\",\"url\":\"https:\\\/\\\/raroia.gr\\\/\",\"logo\":{\"@type\":\"ImageObject\",\"inLanguage\":\"es\",\"@id\":\"https:\\\/\\\/raroia.gr\\\/#\\\/schema\\\/logo\\\/image\\\/\",\"url\":\"https:\\\/\\\/raroia.gr\\\/wp-content\\\/uploads\\\/2024\\\/05\\\/Raroia-logo-plain.pdf-500-x-190-px.png\",\"contentUrl\":\"https:\\\/\\\/raroia.gr\\\/wp-content\\\/uploads\\\/2024\\\/05\\\/Raroia-logo-plain.pdf-500-x-190-px.png\",\"width\":500,\"height\":190,\"caption\":\"Raroia\"},\"image\":{\"@id\":\"https:\\\/\\\/raroia.gr\\\/#\\\/schema\\\/logo\\\/image\\\/\"},\"sameAs\":[\"https:\\\/\\\/www.facebook.com\\\/raroiaswimwear\",\"https:\\\/\\\/www.instagram.com\\\/raroia__swimwear\\\/\"]}]}<\/script>\n<!-- \/ Yoast SEO plugin. -->","yoast_head_json":{"title":"Condiciones generales de uso - Raroia","robots":{"index":"index","follow":"follow","max-snippet":"max-snippet:-1","max-image-preview":"max-image-preview:large","max-video-preview":"max-video-preview:-1"},"canonical":"https:\/\/raroia.gr\/es\/condiciones-generales-de-uso\/","og_locale":"es_ES","og_type":"article","og_title":"Condiciones generales de uso - Raroia","og_description":"Bienvenido a www.raroia.gr. Antes de proceder a la utilizaci\u00f3n de nuestros servicios o de realizar cualquier pedido, lea atentamente estas condiciones de uso, ya que...","og_url":"https:\/\/raroia.gr\/es\/condiciones-generales-de-uso\/","og_site_name":"Raroia","article_publisher":"https:\/\/www.facebook.com\/raroiaswimwear","article_modified_time":"2026-02-15T12:50:07+00:00","twitter_card":"summary_large_image","twitter_misc":{"Tiempo de lectura":"6 minutos"},"schema":{"@context":"https:\/\/schema.org","@graph":[{"@type":"WebPage","@id":"https:\/\/raroia.gr\/es\/condiciones-generales-de-uso\/","url":"https:\/\/raroia.gr\/es\/condiciones-generales-de-uso\/","name":"Condiciones generales de uso - Raroia","isPartOf":{"@id":"https:\/\/raroia.gr\/#website"},"datePublished":"2024-06-30T16:59:05+00:00","dateModified":"2026-02-15T12:50:07+00:00","breadcrumb":{"@id":"https:\/\/raroia.gr\/es\/condiciones-generales-de-uso\/#breadcrumb"},"inLanguage":"es","potentialAction":[{"@type":"ReadAction","target":["https:\/\/raroia.gr\/es\/condiciones-generales-de-uso\/"]}]},{"@type":"BreadcrumbList","@id":"https:\/\/raroia.gr\/es\/condiciones-generales-de-uso\/#breadcrumb","itemListElement":[{"@type":"ListItem","position":1,"name":"Home","item":"https:\/\/raroia.gr\/raroia-%ce%b3%cf%85%ce%bd%ce%b1%ce%b9%ce%ba%ce%b5%ce%af%ce%b1-%ce%bc%ce%b1%ce%b3%ce%b9%cf%8c\/"},{"@type":"ListItem","position":2,"name":"Condiciones generales de uso"}]},{"@type":"WebSite","@id":"https:\/\/raroia.gr\/#website","url":"https:\/\/raroia.gr\/","name":"Raroia","description":"\u0393\u03c5\u03bd\u03b1\u03b9\u03ba\u03b5\u03af\u03b1 \u03bc\u03b1\u03b3\u03b9\u03cc","publisher":{"@id":"https:\/\/raroia.gr\/#organization"},"potentialAction":[{"@type":"SearchAction","target":{"@type":"EntryPoint","urlTemplate":"https:\/\/raroia.gr\/?s={search_term_string}"},"query-input":{"@type":"PropertyValueSpecification","valueRequired":true,"valueName":"search_term_string"}}],"inLanguage":"es"},{"@type":"Organization","@id":"https:\/\/raroia.gr\/#organization","name":"Raroia","url":"https:\/\/raroia.gr\/","logo":{"@type":"ImageObject","inLanguage":"es","@id":"https:\/\/raroia.gr\/#\/schema\/logo\/image\/","url":"https:\/\/raroia.gr\/wp-content\/uploads\/2024\/05\/Raroia-logo-plain.pdf-500-x-190-px.png","contentUrl":"https:\/\/raroia.gr\/wp-content\/uploads\/2024\/05\/Raroia-logo-plain.pdf-500-x-190-px.png","width":500,"height":190,"caption":"Raroia"},"image":{"@id":"https:\/\/raroia.gr\/#\/schema\/logo\/image\/"},"sameAs":["https:\/\/www.facebook.com\/raroiaswimwear","https:\/\/www.instagram.com\/raroia__swimwear\/"]}]}},"_links":{"self":[{"href":"https:\/\/raroia.gr\/es\/wp-json\/wp\/v2\/pages\/3771","targetHints":{"allow":["GET"]}}],"collection":[{"href":"https:\/\/raroia.gr\/es\/wp-json\/wp\/v2\/pages"}],"about":[{"href":"https:\/\/raroia.gr\/es\/wp-json\/wp\/v2\/types\/page"}],"author":[{"embeddable":true,"href":"https:\/\/raroia.gr\/es\/wp-json\/wp\/v2\/users\/1"}],"replies":[{"embeddable":true,"href":"https:\/\/raroia.gr\/es\/wp-json\/wp\/v2\/comments?post=3771"}],"version-history":[{"count":8,"href":"https:\/\/raroia.gr\/es\/wp-json\/wp\/v2\/pages\/3771\/revisions"}],"predecessor-version":[{"id":4910,"href":"https:\/\/raroia.gr\/es\/wp-json\/wp\/v2\/pages\/3771\/revisions\/4910"}],"wp:attachment":[{"href":"https:\/\/raroia.gr\/es\/wp-json\/wp\/v2\/media?parent=3771"}],"curies":[{"name":"wp","href":"https:\/\/api.w.org\/{rel}","templated":true}]}}