{"id":3783,"date":"2024-08-11T19:48:36","date_gmt":"2024-08-11T16:48:36","guid":{"rendered":"https:\/\/raroia.gr\/preguntas-frecuentes\/"},"modified":"2026-02-15T14:59:38","modified_gmt":"2026-02-15T11:59:38","slug":"preguntas-frecuentes","status":"publish","type":"page","link":"https:\/\/raroia.gr\/es\/preguntas-frecuentes\/","title":{"rendered":"PREGUNTAS FRECUENTES"},"content":{"rendered":"\t\t<div data-elementor-type=\"wp-page\" data-elementor-id=\"3783\" class=\"elementor elementor-3783 elementor-3117\" data-elementor-post-type=\"page\">\n\t\t\t\t<div class=\"elementor-element elementor-element-5ea06c9b e-flex e-con-boxed e-con e-parent\" data-id=\"5ea06c9b\" data-element_type=\"container\" data-e-type=\"container\">\n\t\t\t\t\t<div class=\"e-con-inner\">\n\t\t\t\t<div class=\"elementor-element elementor-element-2ee7b6e7 elementor-widget elementor-widget-text-editor\" data-id=\"2ee7b6e7\" data-element_type=\"widget\" data-e-type=\"widget\" data-widget_type=\"text-editor.default\">\n\t\t\t\t<div class=\"elementor-widget-container\">\n\t\t\t\t\t\t\t\t\t\n<p>Preguntas m\u00e1s frecuentes (F.A.Q.):<\/p>\n\n<ol class=\"wp-block-list\">\n<li><strong>\u00bfQu\u00e9 productos ofrece Raroia.gr?<\/strong>\n<ul class=\"wp-block-list\">\n<li>Ba\u00f1adores y accesorios para mujer.<\/li>\n<\/ul>\n<\/li>\n\n<li><strong>\u00bfCu\u00e1l es la pol\u00edtica de devoluciones?<\/strong>\n<ul class=\"wp-block-list\">\n<li>Se admiten devoluciones en los 14 d\u00edas siguientes a la compra.<\/li>\n<\/ul>\n<\/li>\n\n<li><strong>\u00bfOfrec\u00e9is env\u00edo gratuito?<\/strong>\n<ul class=\"wp-block-list\">\n<li>S\u00ed, para pedidos superiores a 200 euros.<\/li>\n<\/ul>\n<\/li>\n\n<li><strong>\u00bfC\u00f3mo puedo hacer el seguimiento de mi pedido?<\/strong>\n<ul class=\"wp-block-list\">\n<li>Despu\u00e9s de hacer el pedido, recibir\u00e1s un correo electr\u00f3nico con informaci\u00f3n sobre el estado de tu pedido.<\/li>\n<\/ul>\n<\/li>\n\n<li><strong>\u00bfQu\u00e9 m\u00e9todos de pago se aceptan?<\/strong>\n<ul class=\"wp-block-list\">\n<li>Se aceptan tarjetas de cr\u00e9dito\/d\u00e9bito, PayPal y dep\u00f3sitos bancarios.<\/li>\n<\/ul>\n<\/li>\n\n<li><strong>\u00bfPuedo anular o modificar mi pedido?<\/strong>\n<ul class=\"wp-block-list\">\n<li>S\u00ed, antes de que se env\u00ede el pedido puedes cancelarlo o modificarlo. Tambi\u00e9n puedes llamarnos por tel\u00e9fono o enviarnos un correo electr\u00f3nico y si tu pedido no ha sido procesado intentaremos ayudarte.   <\/li>\n<\/ul>\n<\/li>\n\n<li><strong>\u00bfCu\u00e1les son los datos de contacto del servicio de atenci\u00f3n al cliente?<\/strong>\n<ul class=\"wp-block-list\">\n<li>Por correo electr\u00f3nico: <a>raroiaswim@gmail.com<\/a><\/li>\n<li>Por tel\u00e9fono: +30 697 0024157<\/li>\n<\/ul>\n<\/li>\n\n<li><strong>\u00bfHay ofertas especiales?<\/strong>\n<ul class=\"wp-block-list\">\n<li>Los descuentos y ofertas ocasionales se anuncian en la p\u00e1gina de inicio y en las redes sociales.  <\/li>\n<\/ul>\n<\/li>\n<\/ol>\n\t\t\t\t\t\t\t\t<\/div>\n\t\t\t\t<\/div>\n\t\t\t\t\t<\/div>\n\t\t\t\t<\/div>\n\t\t\t\t<\/div>\n\t\t","protected":false},"excerpt":{"rendered":"<p>Preguntas m\u00e1s frecuentes (F.A.Q.): \u00bfQu\u00e9 productos ofrece Raroia.gr? Ba\u00f1adores y accesorios para mujer. \u00bfCu\u00e1l es la pol\u00edtica de devoluciones? Se admiten devoluciones en los 14&#8230;<\/p>\n","protected":false},"author":1,"featured_media":0,"parent":0,"menu_order":0,"comment_status":"closed","ping_status":"closed","template":"","meta":{"_monsterinsights_skip_tracking":false,"_monsterinsights_sitenote_active":false,"_monsterinsights_sitenote_note":"","_monsterinsights_sitenote_category":0,"footnotes":""},"class_list":["post-3783","page","type-page","status-publish","hentry"],"yoast_head":"<!-- This site is optimized with the Yoast SEO plugin v27.4 - https:\/\/yoast.com\/product\/yoast-seo-wordpress\/ -->\n<title>PREGUNTAS FRECUENTES - Raroia<\/title>\n<meta name=\"robots\" content=\"index, follow, max-snippet:-1, max-image-preview:large, max-video-preview:-1\" \/>\n<link rel=\"canonical\" href=\"https:\/\/raroia.gr\/es\/preguntas-frecuentes\/\" \/>\n<meta property=\"og:locale\" content=\"es_ES\" \/>\n<meta property=\"og:type\" content=\"article\" \/>\n<meta property=\"og:title\" content=\"PREGUNTAS FRECUENTES - Raroia\" \/>\n<meta property=\"og:description\" content=\"Preguntas m\u00e1s frecuentes (F.A.Q.): \u00bfQu\u00e9 productos ofrece Raroia.gr? Ba\u00f1adores y accesorios para mujer. \u00bfCu\u00e1l es la pol\u00edtica de devoluciones? Se admiten devoluciones en los 14...\" \/>\n<meta property=\"og:url\" content=\"https:\/\/raroia.gr\/es\/preguntas-frecuentes\/\" \/>\n<meta property=\"og:site_name\" content=\"Raroia\" \/>\n<meta property=\"article:publisher\" content=\"https:\/\/www.facebook.com\/raroiaswimwear\" \/>\n<meta property=\"article:modified_time\" content=\"2026-02-15T11:59:38+00:00\" \/>\n<meta name=\"twitter:card\" content=\"summary_large_image\" \/>\n<meta name=\"twitter:label1\" content=\"Tiempo de lectura\" \/>\n\t<meta name=\"twitter:data1\" content=\"1 minuto\" \/>\n<script type=\"application\/ld+json\" class=\"yoast-schema-graph\">{\"@context\":\"https:\\\/\\\/schema.org\",\"@graph\":[{\"@type\":\"WebPage\",\"@id\":\"https:\\\/\\\/raroia.gr\\\/es\\\/preguntas-frecuentes\\\/\",\"url\":\"https:\\\/\\\/raroia.gr\\\/es\\\/preguntas-frecuentes\\\/\",\"name\":\"PREGUNTAS FRECUENTES - Raroia\",\"isPartOf\":{\"@id\":\"https:\\\/\\\/raroia.gr\\\/#website\"},\"datePublished\":\"2024-08-11T16:48:36+00:00\",\"dateModified\":\"2026-02-15T11:59:38+00:00\",\"breadcrumb\":{\"@id\":\"https:\\\/\\\/raroia.gr\\\/es\\\/preguntas-frecuentes\\\/#breadcrumb\"},\"inLanguage\":\"es\",\"potentialAction\":[{\"@type\":\"ReadAction\",\"target\":[\"https:\\\/\\\/raroia.gr\\\/es\\\/preguntas-frecuentes\\\/\"]}]},{\"@type\":\"BreadcrumbList\",\"@id\":\"https:\\\/\\\/raroia.gr\\\/es\\\/preguntas-frecuentes\\\/#breadcrumb\",\"itemListElement\":[{\"@type\":\"ListItem\",\"position\":1,\"name\":\"Home\",\"item\":\"https:\\\/\\\/raroia.gr\\\/raroia-%ce%b3%cf%85%ce%bd%ce%b1%ce%b9%ce%ba%ce%b5%ce%af%ce%b1-%ce%bc%ce%b1%ce%b3%ce%b9%cf%8c\\\/\"},{\"@type\":\"ListItem\",\"position\":2,\"name\":\"PREGUNTAS FRECUENTES\"}]},{\"@type\":\"WebSite\",\"@id\":\"https:\\\/\\\/raroia.gr\\\/#website\",\"url\":\"https:\\\/\\\/raroia.gr\\\/\",\"name\":\"Raroia\",\"description\":\"\u0393\u03c5\u03bd\u03b1\u03b9\u03ba\u03b5\u03af\u03b1 \u03bc\u03b1\u03b3\u03b9\u03cc\",\"publisher\":{\"@id\":\"https:\\\/\\\/raroia.gr\\\/#organization\"},\"potentialAction\":[{\"@type\":\"SearchAction\",\"target\":{\"@type\":\"EntryPoint\",\"urlTemplate\":\"https:\\\/\\\/raroia.gr\\\/?s={search_term_string}\"},\"query-input\":{\"@type\":\"PropertyValueSpecification\",\"valueRequired\":true,\"valueName\":\"search_term_string\"}}],\"inLanguage\":\"es\"},{\"@type\":\"Organization\",\"@id\":\"https:\\\/\\\/raroia.gr\\\/#organization\",\"name\":\"Raroia\",\"url\":\"https:\\\/\\\/raroia.gr\\\/\",\"logo\":{\"@type\":\"ImageObject\",\"inLanguage\":\"es\",\"@id\":\"https:\\\/\\\/raroia.gr\\\/#\\\/schema\\\/logo\\\/image\\\/\",\"url\":\"https:\\\/\\\/raroia.gr\\\/wp-content\\\/uploads\\\/2024\\\/05\\\/Raroia-logo-plain.pdf-500-x-190-px.png\",\"contentUrl\":\"https:\\\/\\\/raroia.gr\\\/wp-content\\\/uploads\\\/2024\\\/05\\\/Raroia-logo-plain.pdf-500-x-190-px.png\",\"width\":500,\"height\":190,\"caption\":\"Raroia\"},\"image\":{\"@id\":\"https:\\\/\\\/raroia.gr\\\/#\\\/schema\\\/logo\\\/image\\\/\"},\"sameAs\":[\"https:\\\/\\\/www.facebook.com\\\/raroiaswimwear\",\"https:\\\/\\\/www.instagram.com\\\/raroia__swimwear\\\/\"]}]}<\/script>\n<!-- \/ Yoast SEO plugin. -->","yoast_head_json":{"title":"PREGUNTAS FRECUENTES - Raroia","robots":{"index":"index","follow":"follow","max-snippet":"max-snippet:-1","max-image-preview":"max-image-preview:large","max-video-preview":"max-video-preview:-1"},"canonical":"https:\/\/raroia.gr\/es\/preguntas-frecuentes\/","og_locale":"es_ES","og_type":"article","og_title":"PREGUNTAS FRECUENTES - Raroia","og_description":"Preguntas m\u00e1s frecuentes (F.A.Q.): \u00bfQu\u00e9 productos ofrece Raroia.gr? Ba\u00f1adores y accesorios para mujer. \u00bfCu\u00e1l es la pol\u00edtica de devoluciones? Se admiten devoluciones en los 14...","og_url":"https:\/\/raroia.gr\/es\/preguntas-frecuentes\/","og_site_name":"Raroia","article_publisher":"https:\/\/www.facebook.com\/raroiaswimwear","article_modified_time":"2026-02-15T11:59:38+00:00","twitter_card":"summary_large_image","twitter_misc":{"Tiempo de lectura":"1 minuto"},"schema":{"@context":"https:\/\/schema.org","@graph":[{"@type":"WebPage","@id":"https:\/\/raroia.gr\/es\/preguntas-frecuentes\/","url":"https:\/\/raroia.gr\/es\/preguntas-frecuentes\/","name":"PREGUNTAS FRECUENTES - Raroia","isPartOf":{"@id":"https:\/\/raroia.gr\/#website"},"datePublished":"2024-08-11T16:48:36+00:00","dateModified":"2026-02-15T11:59:38+00:00","breadcrumb":{"@id":"https:\/\/raroia.gr\/es\/preguntas-frecuentes\/#breadcrumb"},"inLanguage":"es","potentialAction":[{"@type":"ReadAction","target":["https:\/\/raroia.gr\/es\/preguntas-frecuentes\/"]}]},{"@type":"BreadcrumbList","@id":"https:\/\/raroia.gr\/es\/preguntas-frecuentes\/#breadcrumb","itemListElement":[{"@type":"ListItem","position":1,"name":"Home","item":"https:\/\/raroia.gr\/raroia-%ce%b3%cf%85%ce%bd%ce%b1%ce%b9%ce%ba%ce%b5%ce%af%ce%b1-%ce%bc%ce%b1%ce%b3%ce%b9%cf%8c\/"},{"@type":"ListItem","position":2,"name":"PREGUNTAS FRECUENTES"}]},{"@type":"WebSite","@id":"https:\/\/raroia.gr\/#website","url":"https:\/\/raroia.gr\/","name":"Raroia","description":"\u0393\u03c5\u03bd\u03b1\u03b9\u03ba\u03b5\u03af\u03b1 \u03bc\u03b1\u03b3\u03b9\u03cc","publisher":{"@id":"https:\/\/raroia.gr\/#organization"},"potentialAction":[{"@type":"SearchAction","target":{"@type":"EntryPoint","urlTemplate":"https:\/\/raroia.gr\/?s={search_term_string}"},"query-input":{"@type":"PropertyValueSpecification","valueRequired":true,"valueName":"search_term_string"}}],"inLanguage":"es"},{"@type":"Organization","@id":"https:\/\/raroia.gr\/#organization","name":"Raroia","url":"https:\/\/raroia.gr\/","logo":{"@type":"ImageObject","inLanguage":"es","@id":"https:\/\/raroia.gr\/#\/schema\/logo\/image\/","url":"https:\/\/raroia.gr\/wp-content\/uploads\/2024\/05\/Raroia-logo-plain.pdf-500-x-190-px.png","contentUrl":"https:\/\/raroia.gr\/wp-content\/uploads\/2024\/05\/Raroia-logo-plain.pdf-500-x-190-px.png","width":500,"height":190,"caption":"Raroia"},"image":{"@id":"https:\/\/raroia.gr\/#\/schema\/logo\/image\/"},"sameAs":["https:\/\/www.facebook.com\/raroiaswimwear","https:\/\/www.instagram.com\/raroia__swimwear\/"]}]}},"_links":{"self":[{"href":"https:\/\/raroia.gr\/es\/wp-json\/wp\/v2\/pages\/3783","targetHints":{"allow":["GET"]}}],"collection":[{"href":"https:\/\/raroia.gr\/es\/wp-json\/wp\/v2\/pages"}],"about":[{"href":"https:\/\/raroia.gr\/es\/wp-json\/wp\/v2\/types\/page"}],"author":[{"embeddable":true,"href":"https:\/\/raroia.gr\/es\/wp-json\/wp\/v2\/users\/1"}],"replies":[{"embeddable":true,"href":"https:\/\/raroia.gr\/es\/wp-json\/wp\/v2\/comments?post=3783"}],"version-history":[{"count":10,"href":"https:\/\/raroia.gr\/es\/wp-json\/wp\/v2\/pages\/3783\/revisions"}],"predecessor-version":[{"id":4898,"href":"https:\/\/raroia.gr\/es\/wp-json\/wp\/v2\/pages\/3783\/revisions\/4898"}],"wp:attachment":[{"href":"https:\/\/raroia.gr\/es\/wp-json\/wp\/v2\/media?parent=3783"}],"curies":[{"name":"wp","href":"https:\/\/api.w.org\/{rel}","templated":true}]}}