{"id":4311,"date":"2021-12-04T09:58:52","date_gmt":"2021-12-04T06:58:52","guid":{"rendered":"https:\/\/raroia.gr\/mi-historia\/"},"modified":"2024-09-13T20:45:26","modified_gmt":"2024-09-13T17:45:26","slug":"mi-historia","status":"publish","type":"page","link":"https:\/\/raroia.gr\/es\/mi-historia\/","title":{"rendered":"Mi historia"},"content":{"rendered":"\t\t<div data-elementor-type=\"wp-page\" data-elementor-id=\"4311\" class=\"elementor elementor-4311 elementor-33\" data-elementor-post-type=\"page\">\n\t\t\t\t\t\t<section class=\"elementor-section elementor-top-section elementor-element elementor-element-1e7d817 elementor-section-boxed elementor-section-height-default elementor-section-height-default elementor-invisible\" data-id=\"1e7d817\" data-element_type=\"section\" data-e-type=\"section\" data-settings=\"{&quot;animation&quot;:&quot;fadeIn&quot;,&quot;background_background&quot;:&quot;classic&quot;}\">\n\t\t\t\t\t\t<div class=\"elementor-container elementor-column-gap-no\">\n\t\t\t\t\t<div class=\"elementor-column elementor-col-100 elementor-top-column elementor-element elementor-element-390ef48\" data-id=\"390ef48\" data-element_type=\"column\" data-e-type=\"column\">\n\t\t\t<div class=\"elementor-widget-wrap elementor-element-populated\">\n\t\t\t\t\t\t<div class=\"elementor-element elementor-element-59496be elementor-widget elementor-widget-image\" data-id=\"59496be\" data-element_type=\"widget\" data-e-type=\"widget\" data-widget_type=\"image.default\">\n\t\t\t\t<div class=\"elementor-widget-container\">\n\t\t\t\t\t\t\t\t\t\t\t\t\t\t\t<img fetchpriority=\"high\" decoding=\"async\" width=\"1024\" height=\"683\" src=\"https:\/\/raroia.gr\/wp-content\/uploads\/xstore\/xstore-placeholder-1024x1024.png\" class=\"attachment-large size-large wp-image-3619 lazyload lazyload-simple et-lazyload-fadeIn\" alt=\"\" sizes=\"(max-width: 1024px) 100vw, 1024px\" data-src=\"https:\/\/raroia.gr\/wp-content\/uploads\/2024\/07\/DSC6229-copy-1024x683.jpg\" data-srcset=\"https:\/\/raroia.gr\/wp-content\/uploads\/2024\/07\/DSC6229-copy-1024x683.jpg 1024w, https:\/\/raroia.gr\/wp-content\/uploads\/2024\/07\/DSC6229-copy-600x400.jpg 600w, https:\/\/raroia.gr\/wp-content\/uploads\/2024\/07\/DSC6229-copy-300x200.jpg 300w, https:\/\/raroia.gr\/wp-content\/uploads\/2024\/07\/DSC6229-copy-768x512.jpg 768w, https:\/\/raroia.gr\/wp-content\/uploads\/2024\/07\/DSC6229-copy-1536x1024.jpg 1536w, https:\/\/raroia.gr\/wp-content\/uploads\/2024\/07\/DSC6229-copy-1320x880.jpg 1320w, https:\/\/raroia.gr\/wp-content\/uploads\/2024\/07\/DSC6229-copy-10x7.jpg 10w, https:\/\/raroia.gr\/wp-content\/uploads\/2024\/07\/DSC6229-copy.jpg 1600w\" \/>\t\t\t\t\t\t\t\t\t\t\t\t\t\t\t<\/div>\n\t\t\t\t<\/div>\n\t\t\t\t<div class=\"elementor-element elementor-element-d09e6cd elementor-widget elementor-widget-heading\" data-id=\"d09e6cd\" data-element_type=\"widget\" data-e-type=\"widget\" data-widget_type=\"heading.default\">\n\t\t\t\t<div class=\"elementor-widget-container\">\n\t\t\t\t\t<h2 class=\"elementor-heading-title elementor-size-default\">Mi Historia<\/h2>\t\t\t\t<\/div>\n\t\t\t\t<\/div>\n\t\t\t\t<div class=\"elementor-element elementor-element-6a01f1c elementor-widget-divider--view-line elementor-widget elementor-widget-divider\" data-id=\"6a01f1c\" data-element_type=\"widget\" data-e-type=\"widget\" data-widget_type=\"divider.default\">\n\t\t\t\t<div class=\"elementor-widget-container\">\n\t\t\t\t\t\t\t<div class=\"elementor-divider\">\n\t\t\t<span class=\"elementor-divider-separator\">\n\t\t\t\t\t\t<\/span>\n\t\t<\/div>\n\t\t\t\t\t\t<\/div>\n\t\t\t\t<\/div>\n\t\t\t\t<div class=\"elementor-element elementor-element-6c9aa0c elementor-drop-cap-yes elementor-drop-cap-view-default elementor-widget elementor-widget-text-editor\" data-id=\"6c9aa0c\" data-element_type=\"widget\" data-e-type=\"widget\" data-settings=\"{&quot;drop_cap&quot;:&quot;yes&quot;}\" data-widget_type=\"text-editor.default\">\n\t\t\t\t<div class=\"elementor-widget-container\">\n\t\t\t\t\t\t\t\t\t<p>Durante los \u00faltimos dos a\u00f1os las circunstancias de la vida me han llevado a vivir en el mar y viajar a los para\u00edsos tropicales del planeta. <\/p>\n<p>Ya he estado en las islas m\u00e1s remotas y he nadado en los mares m\u00e1s hermosos del mundo. Desde el Caribe y Latinoam\u00e9rica hasta los atolones de la Polinesia Francesa y las Islas Salom\u00f3n, en el Pac\u00edfico Sur. <\/p>\n<p>No pod\u00eda dejar de pensar en lo feliz que ser\u00eda si en esos lugares \u00fanicos a los que viajo pudiera ba\u00f1arme llevando un ba\u00f1ador que yo misma hubiera creado.<\/p>\n<p>Trajes de ba\u00f1o para los que habr\u00eda elegido cuidadosamente los materiales de mayor calidad para que toquen mi piel y en los que los colores y estampados de los tejidos se habr\u00edan inspirado en las im\u00e1genes m\u00e1s bellas de las islas que hab\u00eda explorado.<\/p>\n<p>As\u00ed que logr\u00e9 crear 9 dise\u00f1os \u00fanicos, en un n\u00famero limitado para que puedas tener un pedacito de mi viaje.<\/p>\n<p>Elige el coral que m\u00e1s te convenga y prep\u00e1rate para la aventura.<\/p>\n<\/p>\n<p>Atentamente<\/p>\n\t\t\t\t\t\t\t\t<\/div>\n\t\t\t\t<\/div>\n\t\t\t\t<div class=\"elementor-element elementor-element-a8005de elementor-widget elementor-widget-heading\" data-id=\"a8005de\" data-element_type=\"widget\" data-e-type=\"widget\" data-widget_type=\"heading.default\">\n\t\t\t\t<div class=\"elementor-widget-container\">\n\t\t\t\t\t<h2 class=\"elementor-heading-title elementor-size-default\">Vaso Villegas<\/h2>\t\t\t\t<\/div>\n\t\t\t\t<\/div>\n\t\t\t\t\t<\/div>\n\t\t<\/div>\n\t\t\t\t\t<\/div>\n\t\t<\/section>\n\t\t\t\t<\/div>\n\t\t","protected":false},"excerpt":{"rendered":"<p>Mi Historia Durante los \u00faltimos dos a\u00f1os las circunstancias de la vida me han llevado a vivir en el mar y viajar a los para\u00edsos&#8230;<\/p>\n","protected":false},"author":1,"featured_media":0,"parent":0,"menu_order":0,"comment_status":"closed","ping_status":"closed","template":"","meta":{"_monsterinsights_skip_tracking":false,"_monsterinsights_sitenote_active":false,"_monsterinsights_sitenote_note":"","_monsterinsights_sitenote_category":0,"footnotes":""},"class_list":["post-4311","page","type-page","status-publish","hentry"],"yoast_head":"<!-- This site is optimized with the Yoast SEO plugin v27.4 - https:\/\/yoast.com\/product\/yoast-seo-wordpress\/ -->\n<title>Mi historia - Raroia<\/title>\n<meta name=\"robots\" content=\"index, follow, max-snippet:-1, max-image-preview:large, max-video-preview:-1\" \/>\n<link rel=\"canonical\" href=\"https:\/\/raroia.gr\/about-us\/\" \/>\n<meta property=\"og:locale\" content=\"es_ES\" \/>\n<meta property=\"og:type\" content=\"article\" \/>\n<meta property=\"og:title\" content=\"Mi historia - Raroia\" \/>\n<meta property=\"og:description\" content=\"Mi Historia Durante los \u00faltimos dos a\u00f1os las circunstancias de la vida me han llevado a vivir en el mar y viajar a los para\u00edsos...\" \/>\n<meta property=\"og:url\" content=\"https:\/\/raroia.gr\/about-us\/\" \/>\n<meta property=\"og:site_name\" content=\"Raroia\" \/>\n<meta property=\"article:publisher\" content=\"https:\/\/www.facebook.com\/raroiaswimwear\" \/>\n<meta property=\"article:modified_time\" content=\"2024-09-13T17:45:26+00:00\" \/>\n<meta property=\"og:image\" content=\"https:\/\/raroia.gr\/wp-content\/uploads\/2024\/07\/DSC6229-copy-1024x683.jpg\" \/>\n<meta name=\"twitter:card\" content=\"summary_large_image\" \/>\n<meta name=\"twitter:label1\" content=\"Tiempo de lectura\" \/>\n\t<meta name=\"twitter:data1\" content=\"1 minuto\" \/>\n<script type=\"application\/ld+json\" class=\"yoast-schema-graph\">{\"@context\":\"https:\\\/\\\/schema.org\",\"@graph\":[{\"@type\":\"WebPage\",\"@id\":\"https:\\\/\\\/raroia.gr\\\/about-us\\\/\",\"url\":\"https:\\\/\\\/raroia.gr\\\/about-us\\\/\",\"name\":\"Mi historia - Raroia\",\"isPartOf\":{\"@id\":\"https:\\\/\\\/raroia.gr\\\/#website\"},\"primaryImageOfPage\":{\"@id\":\"https:\\\/\\\/raroia.gr\\\/about-us\\\/#primaryimage\"},\"image\":{\"@id\":\"https:\\\/\\\/raroia.gr\\\/about-us\\\/#primaryimage\"},\"thumbnailUrl\":\"https:\\\/\\\/raroia.gr\\\/wp-content\\\/uploads\\\/2024\\\/07\\\/DSC6229-copy-1024x683.jpg\",\"datePublished\":\"2021-12-04T06:58:52+00:00\",\"dateModified\":\"2024-09-13T17:45:26+00:00\",\"breadcrumb\":{\"@id\":\"https:\\\/\\\/raroia.gr\\\/about-us\\\/#breadcrumb\"},\"inLanguage\":\"es\",\"potentialAction\":[{\"@type\":\"ReadAction\",\"target\":[\"https:\\\/\\\/raroia.gr\\\/about-us\\\/\"]}]},{\"@type\":\"ImageObject\",\"inLanguage\":\"es\",\"@id\":\"https:\\\/\\\/raroia.gr\\\/about-us\\\/#primaryimage\",\"url\":\"https:\\\/\\\/raroia.gr\\\/wp-content\\\/uploads\\\/2024\\\/07\\\/DSC6229-copy-1024x683.jpg\",\"contentUrl\":\"https:\\\/\\\/raroia.gr\\\/wp-content\\\/uploads\\\/2024\\\/07\\\/DSC6229-copy-1024x683.jpg\"},{\"@type\":\"BreadcrumbList\",\"@id\":\"https:\\\/\\\/raroia.gr\\\/about-us\\\/#breadcrumb\",\"itemListElement\":[{\"@type\":\"ListItem\",\"position\":1,\"name\":\"Home\",\"item\":\"https:\\\/\\\/raroia.gr\\\/raroia-%ce%b3%cf%85%ce%bd%ce%b1%ce%b9%ce%ba%ce%b5%ce%af%ce%b1-%ce%bc%ce%b1%ce%b3%ce%b9%cf%8c\\\/\"},{\"@type\":\"ListItem\",\"position\":2,\"name\":\"Mi historia\"}]},{\"@type\":\"WebSite\",\"@id\":\"https:\\\/\\\/raroia.gr\\\/#website\",\"url\":\"https:\\\/\\\/raroia.gr\\\/\",\"name\":\"Raroia\",\"description\":\"\u0393\u03c5\u03bd\u03b1\u03b9\u03ba\u03b5\u03af\u03b1 \u03bc\u03b1\u03b3\u03b9\u03cc\",\"publisher\":{\"@id\":\"https:\\\/\\\/raroia.gr\\\/#organization\"},\"potentialAction\":[{\"@type\":\"SearchAction\",\"target\":{\"@type\":\"EntryPoint\",\"urlTemplate\":\"https:\\\/\\\/raroia.gr\\\/?s={search_term_string}\"},\"query-input\":{\"@type\":\"PropertyValueSpecification\",\"valueRequired\":true,\"valueName\":\"search_term_string\"}}],\"inLanguage\":\"es\"},{\"@type\":\"Organization\",\"@id\":\"https:\\\/\\\/raroia.gr\\\/#organization\",\"name\":\"Raroia\",\"url\":\"https:\\\/\\\/raroia.gr\\\/\",\"logo\":{\"@type\":\"ImageObject\",\"inLanguage\":\"es\",\"@id\":\"https:\\\/\\\/raroia.gr\\\/#\\\/schema\\\/logo\\\/image\\\/\",\"url\":\"https:\\\/\\\/raroia.gr\\\/wp-content\\\/uploads\\\/2024\\\/05\\\/Raroia-logo-plain.pdf-500-x-190-px.png\",\"contentUrl\":\"https:\\\/\\\/raroia.gr\\\/wp-content\\\/uploads\\\/2024\\\/05\\\/Raroia-logo-plain.pdf-500-x-190-px.png\",\"width\":500,\"height\":190,\"caption\":\"Raroia\"},\"image\":{\"@id\":\"https:\\\/\\\/raroia.gr\\\/#\\\/schema\\\/logo\\\/image\\\/\"},\"sameAs\":[\"https:\\\/\\\/www.facebook.com\\\/raroiaswimwear\",\"https:\\\/\\\/www.instagram.com\\\/raroia__swimwear\\\/\"]}]}<\/script>\n<!-- \/ Yoast SEO plugin. -->","yoast_head_json":{"title":"Mi historia - Raroia","robots":{"index":"index","follow":"follow","max-snippet":"max-snippet:-1","max-image-preview":"max-image-preview:large","max-video-preview":"max-video-preview:-1"},"canonical":"https:\/\/raroia.gr\/about-us\/","og_locale":"es_ES","og_type":"article","og_title":"Mi historia - Raroia","og_description":"Mi Historia Durante los \u00faltimos dos a\u00f1os las circunstancias de la vida me han llevado a vivir en el mar y viajar a los para\u00edsos...","og_url":"https:\/\/raroia.gr\/about-us\/","og_site_name":"Raroia","article_publisher":"https:\/\/www.facebook.com\/raroiaswimwear","article_modified_time":"2024-09-13T17:45:26+00:00","og_image":[{"url":"https:\/\/raroia.gr\/wp-content\/uploads\/2024\/07\/DSC6229-copy-1024x683.jpg","type":"","width":"","height":""}],"twitter_card":"summary_large_image","twitter_misc":{"Tiempo de lectura":"1 minuto"},"schema":{"@context":"https:\/\/schema.org","@graph":[{"@type":"WebPage","@id":"https:\/\/raroia.gr\/about-us\/","url":"https:\/\/raroia.gr\/about-us\/","name":"Mi historia - Raroia","isPartOf":{"@id":"https:\/\/raroia.gr\/#website"},"primaryImageOfPage":{"@id":"https:\/\/raroia.gr\/about-us\/#primaryimage"},"image":{"@id":"https:\/\/raroia.gr\/about-us\/#primaryimage"},"thumbnailUrl":"https:\/\/raroia.gr\/wp-content\/uploads\/2024\/07\/DSC6229-copy-1024x683.jpg","datePublished":"2021-12-04T06:58:52+00:00","dateModified":"2024-09-13T17:45:26+00:00","breadcrumb":{"@id":"https:\/\/raroia.gr\/about-us\/#breadcrumb"},"inLanguage":"es","potentialAction":[{"@type":"ReadAction","target":["https:\/\/raroia.gr\/about-us\/"]}]},{"@type":"ImageObject","inLanguage":"es","@id":"https:\/\/raroia.gr\/about-us\/#primaryimage","url":"https:\/\/raroia.gr\/wp-content\/uploads\/2024\/07\/DSC6229-copy-1024x683.jpg","contentUrl":"https:\/\/raroia.gr\/wp-content\/uploads\/2024\/07\/DSC6229-copy-1024x683.jpg"},{"@type":"BreadcrumbList","@id":"https:\/\/raroia.gr\/about-us\/#breadcrumb","itemListElement":[{"@type":"ListItem","position":1,"name":"Home","item":"https:\/\/raroia.gr\/raroia-%ce%b3%cf%85%ce%bd%ce%b1%ce%b9%ce%ba%ce%b5%ce%af%ce%b1-%ce%bc%ce%b1%ce%b3%ce%b9%cf%8c\/"},{"@type":"ListItem","position":2,"name":"Mi historia"}]},{"@type":"WebSite","@id":"https:\/\/raroia.gr\/#website","url":"https:\/\/raroia.gr\/","name":"Raroia","description":"\u0393\u03c5\u03bd\u03b1\u03b9\u03ba\u03b5\u03af\u03b1 \u03bc\u03b1\u03b3\u03b9\u03cc","publisher":{"@id":"https:\/\/raroia.gr\/#organization"},"potentialAction":[{"@type":"SearchAction","target":{"@type":"EntryPoint","urlTemplate":"https:\/\/raroia.gr\/?s={search_term_string}"},"query-input":{"@type":"PropertyValueSpecification","valueRequired":true,"valueName":"search_term_string"}}],"inLanguage":"es"},{"@type":"Organization","@id":"https:\/\/raroia.gr\/#organization","name":"Raroia","url":"https:\/\/raroia.gr\/","logo":{"@type":"ImageObject","inLanguage":"es","@id":"https:\/\/raroia.gr\/#\/schema\/logo\/image\/","url":"https:\/\/raroia.gr\/wp-content\/uploads\/2024\/05\/Raroia-logo-plain.pdf-500-x-190-px.png","contentUrl":"https:\/\/raroia.gr\/wp-content\/uploads\/2024\/05\/Raroia-logo-plain.pdf-500-x-190-px.png","width":500,"height":190,"caption":"Raroia"},"image":{"@id":"https:\/\/raroia.gr\/#\/schema\/logo\/image\/"},"sameAs":["https:\/\/www.facebook.com\/raroiaswimwear","https:\/\/www.instagram.com\/raroia__swimwear\/"]}]}},"_links":{"self":[{"href":"https:\/\/raroia.gr\/es\/wp-json\/wp\/v2\/pages\/4311","targetHints":{"allow":["GET"]}}],"collection":[{"href":"https:\/\/raroia.gr\/es\/wp-json\/wp\/v2\/pages"}],"about":[{"href":"https:\/\/raroia.gr\/es\/wp-json\/wp\/v2\/types\/page"}],"author":[{"embeddable":true,"href":"https:\/\/raroia.gr\/es\/wp-json\/wp\/v2\/users\/1"}],"replies":[{"embeddable":true,"href":"https:\/\/raroia.gr\/es\/wp-json\/wp\/v2\/comments?post=4311"}],"version-history":[{"count":5,"href":"https:\/\/raroia.gr\/es\/wp-json\/wp\/v2\/pages\/4311\/revisions"}],"predecessor-version":[{"id":4437,"href":"https:\/\/raroia.gr\/es\/wp-json\/wp\/v2\/pages\/4311\/revisions\/4437"}],"wp:attachment":[{"href":"https:\/\/raroia.gr\/es\/wp-json\/wp\/v2\/media?parent=4311"}],"curies":[{"name":"wp","href":"https:\/\/api.w.org\/{rel}","templated":true}]}}