{"id":4354,"date":"2024-07-20T06:29:45","date_gmt":"2024-07-20T03:29:45","guid":{"rendered":"https:\/\/raroia.gr\/declaracion-de-privacidad\/"},"modified":"2026-02-15T15:53:01","modified_gmt":"2026-02-15T12:53:01","slug":"declaracion-de-privacidad","status":"publish","type":"page","link":"https:\/\/raroia.gr\/es\/declaracion-de-privacidad\/","title":{"rendered":"Declaraci\u00f3n de privacidad"},"content":{"rendered":"\n<p>Declaraci\u00f3n de Privacidad de la Tienda Online <a href=\"http:\/\/www.raroia.gr\">www.raroia.gr<\/a><\/p>\n\n<hr class=\"wp-block-separator has-alpha-channel-opacity\"\/>\n\n<p><strong>1. Introducci\u00f3n<\/strong><\/p>\n\n<p>Proteger los datos personales de nuestros visitantes y clientes es muy importante para nosotros. Esta declaraci\u00f3n de privacidad explica c\u00f3mo recogemos, utilizamos y protegemos la informaci\u00f3n que nos proporciona cuando utiliza la tienda online <a href=\"http:\/\/www.raroia.gr\">www.raroia.gr<\/a>, de acuerdo con la legislaci\u00f3n griega y el Reglamento General de Protecci\u00f3n de Datos (RGPD). <\/p>\n\n<p><strong>2. Recogida de datos<\/strong><\/p>\n\n<p>Recogemos los datos personales que nos proporcionas cuando:<\/p>\n\n<ul class=\"wp-block-list\">\n<li>Se suscribe a nuestro sitio web<\/li>\n\n\n\n<li>Realiza un pedido.<\/li>\n\n\n\n<li>Cont\u00e1ctenos si tiene preguntas o necesita ayuda.<\/li>\n<\/ul>\n\n<p>Los datos que recopilamos incluyen, entre otros:<\/p>\n\n<ul class=\"wp-block-list\">\n<li>Nombre y apellidos<\/li>\n\n\n\n<li>Direcci\u00f3n de correo electr\u00f3nico<\/li>\n\n\n\n<li>Direcci\u00f3n postal<\/li>\n\n\n\n<li>N\u00famero de tel\u00e9fono<\/li>\n\n\n\n<li>Datos de pago<\/li>\n<\/ul>\n\n<p><strong>3. Uso de los datos<\/strong><\/p>\n\n<p>Utilizamos sus datos para:<\/p>\n\n<ul class=\"wp-block-list\">\n<li>Tramitaci\u00f3n y env\u00edo de pedidos<\/li>\n\n\n\n<li>Prestaci\u00f3n de servicios de atenci\u00f3n al cliente<\/li>\n\n\n\n<li>Enviar boletines informativos (si usted ha optado por recibirlos)<\/li>\n\n\n\n<li>Mejorar los servicios y la experiencia de los usuarios<\/li>\n<\/ul>\n\n<p><strong>4. Compartir datos<\/strong><\/p>\n\n<p>No compartimos sus datos personales con otras partes, a menos que sea necesario para cumplir sus pedidos (por ejemplo, empresas de mensajer\u00eda) o si lo exige la ley.<\/p>\n\n<p><strong>5. Seguridad de los datos<\/strong><\/p>\n\n<p>Tomamos las medidas t\u00e9cnicas y organizativas necesarias para proteger sus datos personales de p\u00e9rdidas, uso indebido y acceso no autorizado.<\/p>\n\n<p><strong>6. Derechos del usuario<\/strong><\/p>\n\n<p>Tiene derecho a:<\/p>\n\n<ul class=\"wp-block-list\">\n<li>Tienes acceso a tus datos<\/li>\n\n\n\n<li>Corregir sus datos<\/li>\n\n\n\n<li>Borrar sus datos<\/li>\n\n\n\n<li>Limitar el uso de sus datos<\/li>\n\n\n\n<li>Oponerse al uso de sus datos<\/li>\n\n\n\n<li>Transferir sus datos<\/li>\n<\/ul>\n\n<p>Para ejercer sus derechos, p\u00f3ngase en contacto con nosotros en <a>privacy@raroia.gr.<\/a><\/p>\n\n<p><strong>7. Uso de cookies<\/strong><\/p>\n\n<p>Utilizamos cookies para mejorar la funcionalidad del sitio web y proporcionar una mejor experiencia al usuario. Para m\u00e1s informaci\u00f3n, consulta nuestra <a href=\"https:\/\/raroia.gr\/es\/politica-de-cookies-ue\/\">Pol\u00edtica de Cookies<\/a>. <\/p>\n\n<p><strong>8. Modificaciones de la Declaraci\u00f3n de Privacidad<\/strong><\/p>\n\n<p>Podemos actualizar nuestra declaraci\u00f3n de privacidad de vez en cuando. Cualquier cambio se publicar\u00e1 en esta p\u00e1gina y entrar\u00e1 en vigor a partir de la fecha de su publicaci\u00f3n. <\/p>\n\n<p><strong>9. Contacto<\/strong><\/p>\n\n<p>Si tiene alguna pregunta o duda sobre esta declaraci\u00f3n de privacidad, p\u00f3ngase en contacto con nosotros en<\/p>\n\n<p>Correo electr\u00f3nico: <a>privacy@raroia.gr<\/a><br\/>Tel\u00e9fono: +30 697 0024157<br\/>Direcci\u00f3n: Estrategos Stefanou Sarafi 7, Alimos, T.K. 17455, Grecia<\/p>\n\n<p>19\/7\/2024<\/p>\n\n<p><\/p>\n","protected":false},"excerpt":{"rendered":"<p>Declaraci\u00f3n de Privacidad de la Tienda Online www.raroia.gr 1. Introducci\u00f3n Proteger los datos personales de nuestros visitantes y clientes es muy importante para nosotros. Esta&#8230;<\/p>\n","protected":false},"author":1,"featured_media":0,"parent":0,"menu_order":0,"comment_status":"closed","ping_status":"closed","template":"","meta":{"_monsterinsights_skip_tracking":false,"_monsterinsights_sitenote_active":false,"_monsterinsights_sitenote_note":"","_monsterinsights_sitenote_category":0,"footnotes":""},"class_list":["post-4354","page","type-page","status-publish","hentry"],"yoast_head":"<!-- This site is optimized with the Yoast SEO plugin v27.4 - https:\/\/yoast.com\/product\/yoast-seo-wordpress\/ -->\n<title>Declaraci\u00f3n de privacidad - Raroia<\/title>\n<meta name=\"robots\" content=\"index, follow, max-snippet:-1, max-image-preview:large, max-video-preview:-1\" \/>\n<link rel=\"canonical\" href=\"https:\/\/raroia.gr\/es\/declaracion-de-privacidad\/\" \/>\n<meta property=\"og:locale\" content=\"es_ES\" \/>\n<meta property=\"og:type\" content=\"article\" \/>\n<meta property=\"og:title\" content=\"Declaraci\u00f3n de privacidad - Raroia\" \/>\n<meta property=\"og:description\" content=\"Declaraci\u00f3n de Privacidad de la Tienda Online www.raroia.gr 1. Introducci\u00f3n Proteger los datos personales de nuestros visitantes y clientes es muy importante para nosotros. Esta...\" \/>\n<meta property=\"og:url\" content=\"https:\/\/raroia.gr\/es\/declaracion-de-privacidad\/\" \/>\n<meta property=\"og:site_name\" content=\"Raroia\" \/>\n<meta property=\"article:publisher\" content=\"https:\/\/www.facebook.com\/raroiaswimwear\" \/>\n<meta property=\"article:modified_time\" content=\"2026-02-15T12:53:01+00:00\" \/>\n<meta name=\"twitter:card\" content=\"summary_large_image\" \/>\n<meta name=\"twitter:label1\" content=\"Tiempo de lectura\" \/>\n\t<meta name=\"twitter:data1\" content=\"2 minutos\" \/>\n<script type=\"application\/ld+json\" class=\"yoast-schema-graph\">{\"@context\":\"https:\\\/\\\/schema.org\",\"@graph\":[{\"@type\":\"WebPage\",\"@id\":\"https:\\\/\\\/raroia.gr\\\/es\\\/declaracion-de-privacidad\\\/\",\"url\":\"https:\\\/\\\/raroia.gr\\\/es\\\/declaracion-de-privacidad\\\/\",\"name\":\"Declaraci\u00f3n de privacidad - Raroia\",\"isPartOf\":{\"@id\":\"https:\\\/\\\/raroia.gr\\\/#website\"},\"datePublished\":\"2024-07-20T03:29:45+00:00\",\"dateModified\":\"2026-02-15T12:53:01+00:00\",\"breadcrumb\":{\"@id\":\"https:\\\/\\\/raroia.gr\\\/es\\\/declaracion-de-privacidad\\\/#breadcrumb\"},\"inLanguage\":\"es\",\"potentialAction\":[{\"@type\":\"ReadAction\",\"target\":[\"https:\\\/\\\/raroia.gr\\\/es\\\/declaracion-de-privacidad\\\/\"]}]},{\"@type\":\"BreadcrumbList\",\"@id\":\"https:\\\/\\\/raroia.gr\\\/es\\\/declaracion-de-privacidad\\\/#breadcrumb\",\"itemListElement\":[{\"@type\":\"ListItem\",\"position\":1,\"name\":\"Home\",\"item\":\"https:\\\/\\\/raroia.gr\\\/raroia-%ce%b3%cf%85%ce%bd%ce%b1%ce%b9%ce%ba%ce%b5%ce%af%ce%b1-%ce%bc%ce%b1%ce%b3%ce%b9%cf%8c\\\/\"},{\"@type\":\"ListItem\",\"position\":2,\"name\":\"Declaraci\u00f3n de privacidad\"}]},{\"@type\":\"WebSite\",\"@id\":\"https:\\\/\\\/raroia.gr\\\/#website\",\"url\":\"https:\\\/\\\/raroia.gr\\\/\",\"name\":\"Raroia\",\"description\":\"\u0393\u03c5\u03bd\u03b1\u03b9\u03ba\u03b5\u03af\u03b1 \u03bc\u03b1\u03b3\u03b9\u03cc\",\"publisher\":{\"@id\":\"https:\\\/\\\/raroia.gr\\\/#organization\"},\"potentialAction\":[{\"@type\":\"SearchAction\",\"target\":{\"@type\":\"EntryPoint\",\"urlTemplate\":\"https:\\\/\\\/raroia.gr\\\/?s={search_term_string}\"},\"query-input\":{\"@type\":\"PropertyValueSpecification\",\"valueRequired\":true,\"valueName\":\"search_term_string\"}}],\"inLanguage\":\"es\"},{\"@type\":\"Organization\",\"@id\":\"https:\\\/\\\/raroia.gr\\\/#organization\",\"name\":\"Raroia\",\"url\":\"https:\\\/\\\/raroia.gr\\\/\",\"logo\":{\"@type\":\"ImageObject\",\"inLanguage\":\"es\",\"@id\":\"https:\\\/\\\/raroia.gr\\\/#\\\/schema\\\/logo\\\/image\\\/\",\"url\":\"https:\\\/\\\/raroia.gr\\\/wp-content\\\/uploads\\\/2024\\\/05\\\/Raroia-logo-plain.pdf-500-x-190-px.png\",\"contentUrl\":\"https:\\\/\\\/raroia.gr\\\/wp-content\\\/uploads\\\/2024\\\/05\\\/Raroia-logo-plain.pdf-500-x-190-px.png\",\"width\":500,\"height\":190,\"caption\":\"Raroia\"},\"image\":{\"@id\":\"https:\\\/\\\/raroia.gr\\\/#\\\/schema\\\/logo\\\/image\\\/\"},\"sameAs\":[\"https:\\\/\\\/www.facebook.com\\\/raroiaswimwear\",\"https:\\\/\\\/www.instagram.com\\\/raroia__swimwear\\\/\"]}]}<\/script>\n<!-- \/ Yoast SEO plugin. -->","yoast_head_json":{"title":"Declaraci\u00f3n de privacidad - Raroia","robots":{"index":"index","follow":"follow","max-snippet":"max-snippet:-1","max-image-preview":"max-image-preview:large","max-video-preview":"max-video-preview:-1"},"canonical":"https:\/\/raroia.gr\/es\/declaracion-de-privacidad\/","og_locale":"es_ES","og_type":"article","og_title":"Declaraci\u00f3n de privacidad - Raroia","og_description":"Declaraci\u00f3n de Privacidad de la Tienda Online www.raroia.gr 1. Introducci\u00f3n Proteger los datos personales de nuestros visitantes y clientes es muy importante para nosotros. Esta...","og_url":"https:\/\/raroia.gr\/es\/declaracion-de-privacidad\/","og_site_name":"Raroia","article_publisher":"https:\/\/www.facebook.com\/raroiaswimwear","article_modified_time":"2026-02-15T12:53:01+00:00","twitter_card":"summary_large_image","twitter_misc":{"Tiempo de lectura":"2 minutos"},"schema":{"@context":"https:\/\/schema.org","@graph":[{"@type":"WebPage","@id":"https:\/\/raroia.gr\/es\/declaracion-de-privacidad\/","url":"https:\/\/raroia.gr\/es\/declaracion-de-privacidad\/","name":"Declaraci\u00f3n de privacidad - Raroia","isPartOf":{"@id":"https:\/\/raroia.gr\/#website"},"datePublished":"2024-07-20T03:29:45+00:00","dateModified":"2026-02-15T12:53:01+00:00","breadcrumb":{"@id":"https:\/\/raroia.gr\/es\/declaracion-de-privacidad\/#breadcrumb"},"inLanguage":"es","potentialAction":[{"@type":"ReadAction","target":["https:\/\/raroia.gr\/es\/declaracion-de-privacidad\/"]}]},{"@type":"BreadcrumbList","@id":"https:\/\/raroia.gr\/es\/declaracion-de-privacidad\/#breadcrumb","itemListElement":[{"@type":"ListItem","position":1,"name":"Home","item":"https:\/\/raroia.gr\/raroia-%ce%b3%cf%85%ce%bd%ce%b1%ce%b9%ce%ba%ce%b5%ce%af%ce%b1-%ce%bc%ce%b1%ce%b3%ce%b9%cf%8c\/"},{"@type":"ListItem","position":2,"name":"Declaraci\u00f3n de privacidad"}]},{"@type":"WebSite","@id":"https:\/\/raroia.gr\/#website","url":"https:\/\/raroia.gr\/","name":"Raroia","description":"\u0393\u03c5\u03bd\u03b1\u03b9\u03ba\u03b5\u03af\u03b1 \u03bc\u03b1\u03b3\u03b9\u03cc","publisher":{"@id":"https:\/\/raroia.gr\/#organization"},"potentialAction":[{"@type":"SearchAction","target":{"@type":"EntryPoint","urlTemplate":"https:\/\/raroia.gr\/?s={search_term_string}"},"query-input":{"@type":"PropertyValueSpecification","valueRequired":true,"valueName":"search_term_string"}}],"inLanguage":"es"},{"@type":"Organization","@id":"https:\/\/raroia.gr\/#organization","name":"Raroia","url":"https:\/\/raroia.gr\/","logo":{"@type":"ImageObject","inLanguage":"es","@id":"https:\/\/raroia.gr\/#\/schema\/logo\/image\/","url":"https:\/\/raroia.gr\/wp-content\/uploads\/2024\/05\/Raroia-logo-plain.pdf-500-x-190-px.png","contentUrl":"https:\/\/raroia.gr\/wp-content\/uploads\/2024\/05\/Raroia-logo-plain.pdf-500-x-190-px.png","width":500,"height":190,"caption":"Raroia"},"image":{"@id":"https:\/\/raroia.gr\/#\/schema\/logo\/image\/"},"sameAs":["https:\/\/www.facebook.com\/raroiaswimwear","https:\/\/www.instagram.com\/raroia__swimwear\/"]}]}},"_links":{"self":[{"href":"https:\/\/raroia.gr\/es\/wp-json\/wp\/v2\/pages\/4354","targetHints":{"allow":["GET"]}}],"collection":[{"href":"https:\/\/raroia.gr\/es\/wp-json\/wp\/v2\/pages"}],"about":[{"href":"https:\/\/raroia.gr\/es\/wp-json\/wp\/v2\/types\/page"}],"author":[{"embeddable":true,"href":"https:\/\/raroia.gr\/es\/wp-json\/wp\/v2\/users\/1"}],"replies":[{"embeddable":true,"href":"https:\/\/raroia.gr\/es\/wp-json\/wp\/v2\/comments?post=4354"}],"version-history":[{"count":6,"href":"https:\/\/raroia.gr\/es\/wp-json\/wp\/v2\/pages\/4354\/revisions"}],"predecessor-version":[{"id":4912,"href":"https:\/\/raroia.gr\/es\/wp-json\/wp\/v2\/pages\/4354\/revisions\/4912"}],"wp:attachment":[{"href":"https:\/\/raroia.gr\/es\/wp-json\/wp\/v2\/media?parent=4354"}],"curies":[{"name":"wp","href":"https:\/\/api.w.org\/{rel}","templated":true}]}}