{"id":4052,"date":"2024-06-09T19:49:30","date_gmt":"2024-06-09T16:49:30","guid":{"rendered":"https:\/\/raroia.gr\/product\/coral-azul\/"},"modified":"2024-09-14T19:14:37","modified_gmt":"2024-09-14T16:14:37","slug":"coral-azul","status":"publish","type":"product","link":"https:\/\/raroia.gr\/es\/producto\/coral-azul\/","title":{"rendered":"Blue Coral"},"content":{"rendered":"\t\t<div data-elementor-type=\"product-post\" data-elementor-id=\"4052\" class=\"elementor elementor-4052 elementor-2086\" data-elementor-post-type=\"product\">\n\t\t\t\t<div class=\"elementor-element elementor-element-89424ab e-con-full e-flex e-con e-parent\" data-id=\"89424ab\" data-element_type=\"container\" data-e-type=\"container\">\n\t\t\t\t<div class=\"elementor-element elementor-element-3586e50 elementor-drop-cap-yes elementor-drop-cap-view-default elementor-widget elementor-widget-text-editor\" data-id=\"3586e50\" data-element_type=\"widget\" data-e-type=\"widget\" data-settings=\"{&quot;drop_cap&quot;:&quot;yes&quot;}\" data-widget_type=\"text-editor.default\">\n\t\t\t\t<div class=\"elementor-widget-container\">\n\t\t\t\t\t\t\t\t\t<p>Te encantar\u00e1 este ba\u00f1ador de una pieza y no debe faltar en tu colecci\u00f3n. Puedes pon\u00e9rtelo, no s\u00f3lo para ba\u00f1arte en la playa, sino durante todo el d\u00eda. Por la tarde para pasear por las callejuelas de la isla con una sencilla maxifalda ligera, y por la noche con unos vaqueros y tu pintalabios favorito para tomar una copa.  <\/p>\n\t\t\t\t\t\t\t\t<\/div>\n\t\t\t\t<\/div>\n\t\t\t\t<div class=\"elementor-element elementor-element-1afd174 elementor-widget elementor-widget-text-editor\" data-id=\"1afd174\" data-element_type=\"widget\" data-e-type=\"widget\" data-widget_type=\"text-editor.default\">\n\t\t\t\t<div class=\"elementor-widget-container\">\n\t\t\t\t\t\t\t\t\t<p>Ba\u00f1ador de una pieza iridiscente <span style=\"color: #61ce70;\">|<\/span> Forro interior <span style=\"color: #61ce70;\">|<\/span> Copas sin forro <span style=\"color: #61ce70;\">|<\/span> Tirantes ajustables <span style=\"color: #61ce70;\">|<\/span> Espalda abierta<\/p>\n\t\t\t\t\t\t\t\t<\/div>\n\t\t\t\t<\/div>\n\t\t\t\t<\/div>\n\t\t<div class=\"elementor-element elementor-element-cc56ceb e-flex e-con-boxed e-con e-parent\" data-id=\"cc56ceb\" data-element_type=\"container\" data-e-type=\"container\">\n\t\t\t\t\t<div class=\"e-con-inner\">\n\t\t\t\t<div class=\"elementor-element elementor-element-5a4e33f elementor-widget elementor-widget-toggle\" data-id=\"5a4e33f\" data-element_type=\"widget\" data-e-type=\"widget\" data-widget_type=\"toggle.default\">\n\t\t\t\t<div class=\"elementor-widget-container\">\n\t\t\t\t\t\t\t<div class=\"elementor-toggle\">\n\t\t\t\t\t\t\t<div class=\"elementor-toggle-item\">\n\t\t\t\t\t<div id=\"elementor-tab-title-9461\" class=\"elementor-tab-title\" data-tab=\"1\" role=\"button\" aria-controls=\"elementor-tab-content-9461\" aria-expanded=\"false\">\n\t\t\t\t\t\t\t\t\t\t\t\t<span class=\"elementor-toggle-icon elementor-toggle-icon-left\" aria-hidden=\"true\">\n\t\t\t\t\t\t\t\t\t\t\t\t\t\t\t<span class=\"elementor-toggle-icon-closed\"><svg class=\"e-font-icon-svg e-fas-caret-right\" viewBox=\"0 0 192 512\" xmlns=\"http:\/\/www.w3.org\/2000\/svg\"><path d=\"M0 384.662V127.338c0-17.818 21.543-26.741 34.142-14.142l128.662 128.662c7.81 7.81 7.81 20.474 0 28.284L34.142 398.804C21.543 411.404 0 402.48 0 384.662z\"><\/path><\/svg><\/span>\n\t\t\t\t\t\t\t\t<span class=\"elementor-toggle-icon-opened\"><svg class=\"elementor-toggle-icon-opened e-font-icon-svg e-fas-caret-up\" viewBox=\"0 0 320 512\" xmlns=\"http:\/\/www.w3.org\/2000\/svg\"><path d=\"M288.662 352H31.338c-17.818 0-26.741-21.543-14.142-34.142l128.662-128.662c7.81-7.81 20.474-7.81 28.284 0l128.662 128.662c12.6 12.599 3.676 34.142-14.142 34.142z\"><\/path><\/svg><\/span>\n\t\t\t\t\t\t\t\t\t\t\t\t\t<\/span>\n\t\t\t\t\t\t\t\t\t\t\t\t<a class=\"elementor-toggle-title\" tabindex=\"0\">Composici\u00f3n<\/a>\n\t\t\t\t\t<\/div>\n\n\t\t\t\t\t<div id=\"elementor-tab-content-9461\" class=\"elementor-tab-content elementor-clearfix\" data-tab=\"1\" role=\"region\" aria-labelledby=\"elementor-tab-title-9461\"><p>80% POLI\u00c9STER &#8211; 20% ELASTANO<\/p>\n<\/div>\n\t\t\t\t<\/div>\n\t\t\t\t\t\t\t<div class=\"elementor-toggle-item\">\n\t\t\t\t\t<div id=\"elementor-tab-title-9462\" class=\"elementor-tab-title\" data-tab=\"2\" role=\"button\" aria-controls=\"elementor-tab-content-9462\" aria-expanded=\"false\">\n\t\t\t\t\t\t\t\t\t\t\t\t<span class=\"elementor-toggle-icon elementor-toggle-icon-left\" aria-hidden=\"true\">\n\t\t\t\t\t\t\t\t\t\t\t\t\t\t\t<span class=\"elementor-toggle-icon-closed\"><svg class=\"e-font-icon-svg e-fas-caret-right\" viewBox=\"0 0 192 512\" xmlns=\"http:\/\/www.w3.org\/2000\/svg\"><path d=\"M0 384.662V127.338c0-17.818 21.543-26.741 34.142-14.142l128.662 128.662c7.81 7.81 7.81 20.474 0 28.284L34.142 398.804C21.543 411.404 0 402.48 0 384.662z\"><\/path><\/svg><\/span>\n\t\t\t\t\t\t\t\t<span class=\"elementor-toggle-icon-opened\"><svg class=\"elementor-toggle-icon-opened e-font-icon-svg e-fas-caret-up\" viewBox=\"0 0 320 512\" xmlns=\"http:\/\/www.w3.org\/2000\/svg\"><path d=\"M288.662 352H31.338c-17.818 0-26.741-21.543-14.142-34.142l128.662-128.662c7.81-7.81 20.474-7.81 28.284 0l128.662 128.662c12.6 12.599 3.676 34.142-14.142 34.142z\"><\/path><\/svg><\/span>\n\t\t\t\t\t\t\t\t\t\t\t\t\t<\/span>\n\t\t\t\t\t\t\t\t\t\t\t\t<a class=\"elementor-toggle-title\" tabindex=\"0\">Instrucciones de cuidado<\/a>\n\t\t\t\t\t<\/div>\n\n\t\t\t\t\t<div id=\"elementor-tab-content-9462\" class=\"elementor-tab-content elementor-clearfix\" data-tab=\"2\" role=\"region\" aria-labelledby=\"elementor-tab-title-9462\"><p>Lavar a mano con agua fr\u00eda y jab\u00f3n suave.<\/p>\n<\/div>\n\t\t\t\t<\/div>\n\t\t\t\t\t\t\t\t<\/div>\n\t\t\t\t\t\t<\/div>\n\t\t\t\t<\/div>\n\t\t\t\t\t<\/div>\n\t\t\t\t<\/div>\n\t\t\t\t<\/div>\n\t\t","protected":false},"excerpt":{"rendered":"<div style=\"width: 100%; min-width: 320px; max-width: 1210px;\">\n<div style=\"position: relative; width: 100%; overflow: hidden; padding-top: 56.25%;\">\n<p><iframe style=\"position: absolute; top: 0; left: 0; right: 0; width: 100%; height: 100%; border: none;\" src=\"https:\/\/www.youtube.com\/embed\/nFhPrgW1LtE\" width=\"560\" height=\"315\" allowfullscreen=\"allowfullscreen\"><\/iframe><\/p>\n<\/div>\n<\/div>\n","protected":false},"featured_media":3471,"template":"","meta":{"_monsterinsights_skip_tracking":false,"_monsterinsights_sitenote_active":false,"_monsterinsights_sitenote_note":"","_monsterinsights_sitenote_category":0},"product_brand":[],"product_cat":[100],"product_tag":[],"class_list":{"0":"post-4052","1":"product","2":"type-product","3":"status-publish","4":"has-post-thumbnail","6":"product_cat-banadores-mujer","8":"first","9":"instock","10":"sale","11":"shipping-taxable","12":"purchasable","13":"product-type-variable","14":"has-default-attributes"},"etheme_brands":{"errors":{"invalid_taxonomy":["Taxonom\u00eda no v\u00e1lida."]},"error_data":[]},"yoast_head":"<!-- This site is optimized with the Yoast SEO plugin v27.4 - https:\/\/yoast.com\/product\/yoast-seo-wordpress\/ -->\n<title>Blue Coral - Raroia<\/title>\n<meta name=\"robots\" content=\"index, follow, max-snippet:-1, max-image-preview:large, max-video-preview:-1\" \/>\n<link rel=\"canonical\" href=\"https:\/\/raroia.gr\/es\/producto\/coral-azul\/\" \/>\n<meta property=\"og:locale\" content=\"es_ES\" \/>\n<meta property=\"og:type\" content=\"article\" \/>\n<meta property=\"og:title\" content=\"Blue Coral - Raroia\" \/>\n<meta property=\"og:url\" content=\"https:\/\/raroia.gr\/es\/producto\/coral-azul\/\" \/>\n<meta property=\"og:site_name\" content=\"Raroia\" \/>\n<meta property=\"article:publisher\" content=\"https:\/\/www.facebook.com\/raroiaswimwear\" \/>\n<meta property=\"article:modified_time\" content=\"2024-09-14T16:14:37+00:00\" \/>\n<meta property=\"og:image\" content=\"https:\/\/raroia.gr\/wp-content\/uploads\/2024\/06\/Blue-Coral.jpg\" \/>\n\t<meta property=\"og:image:width\" content=\"800\" \/>\n\t<meta property=\"og:image:height\" content=\"1200\" \/>\n\t<meta property=\"og:image:type\" content=\"image\/jpeg\" \/>\n<meta name=\"twitter:card\" content=\"summary_large_image\" \/>\n<script type=\"application\/ld+json\" class=\"yoast-schema-graph\">{\"@context\":\"https:\\\/\\\/schema.org\",\"@graph\":[{\"@type\":\"WebPage\",\"@id\":\"https:\\\/\\\/raroia.gr\\\/es\\\/producto\\\/coral-azul\\\/\",\"url\":\"https:\\\/\\\/raroia.gr\\\/es\\\/producto\\\/coral-azul\\\/\",\"name\":\"Blue Coral - Raroia\",\"isPartOf\":{\"@id\":\"https:\\\/\\\/raroia.gr\\\/#website\"},\"primaryImageOfPage\":{\"@id\":\"https:\\\/\\\/raroia.gr\\\/es\\\/producto\\\/coral-azul\\\/#primaryimage\"},\"image\":{\"@id\":\"https:\\\/\\\/raroia.gr\\\/es\\\/producto\\\/coral-azul\\\/#primaryimage\"},\"thumbnailUrl\":\"https:\\\/\\\/raroia.gr\\\/wp-content\\\/uploads\\\/2024\\\/06\\\/Blue-Coral.jpg\",\"datePublished\":\"2024-06-09T16:49:30+00:00\",\"dateModified\":\"2024-09-14T16:14:37+00:00\",\"breadcrumb\":{\"@id\":\"https:\\\/\\\/raroia.gr\\\/es\\\/producto\\\/coral-azul\\\/#breadcrumb\"},\"inLanguage\":\"es\",\"potentialAction\":[{\"@type\":\"ReadAction\",\"target\":[\"https:\\\/\\\/raroia.gr\\\/es\\\/producto\\\/coral-azul\\\/\"]}]},{\"@type\":\"ImageObject\",\"inLanguage\":\"es\",\"@id\":\"https:\\\/\\\/raroia.gr\\\/es\\\/producto\\\/coral-azul\\\/#primaryimage\",\"url\":\"https:\\\/\\\/raroia.gr\\\/wp-content\\\/uploads\\\/2024\\\/06\\\/Blue-Coral.jpg\",\"contentUrl\":\"https:\\\/\\\/raroia.gr\\\/wp-content\\\/uploads\\\/2024\\\/06\\\/Blue-Coral.jpg\",\"width\":800,\"height\":1200},{\"@type\":\"BreadcrumbList\",\"@id\":\"https:\\\/\\\/raroia.gr\\\/es\\\/producto\\\/coral-azul\\\/#breadcrumb\",\"itemListElement\":[{\"@type\":\"ListItem\",\"position\":1,\"name\":\"Home\",\"item\":\"https:\\\/\\\/raroia.gr\\\/raroia-%ce%b3%cf%85%ce%bd%ce%b1%ce%b9%ce%ba%ce%b5%ce%af%ce%b1-%ce%bc%ce%b1%ce%b3%ce%b9%cf%8c\\\/\"},{\"@type\":\"ListItem\",\"position\":2,\"name\":\"Tienda\",\"item\":\"https:\\\/\\\/raroia.gr\\\/es\\\/tienda\\\/\"},{\"@type\":\"ListItem\",\"position\":3,\"name\":\"Blue Coral\"}]},{\"@type\":\"WebSite\",\"@id\":\"https:\\\/\\\/raroia.gr\\\/#website\",\"url\":\"https:\\\/\\\/raroia.gr\\\/\",\"name\":\"Raroia\",\"description\":\"\u0393\u03c5\u03bd\u03b1\u03b9\u03ba\u03b5\u03af\u03b1 \u03bc\u03b1\u03b3\u03b9\u03cc\",\"publisher\":{\"@id\":\"https:\\\/\\\/raroia.gr\\\/#organization\"},\"potentialAction\":[{\"@type\":\"SearchAction\",\"target\":{\"@type\":\"EntryPoint\",\"urlTemplate\":\"https:\\\/\\\/raroia.gr\\\/?s={search_term_string}\"},\"query-input\":{\"@type\":\"PropertyValueSpecification\",\"valueRequired\":true,\"valueName\":\"search_term_string\"}}],\"inLanguage\":\"es\"},{\"@type\":\"Organization\",\"@id\":\"https:\\\/\\\/raroia.gr\\\/#organization\",\"name\":\"Raroia\",\"url\":\"https:\\\/\\\/raroia.gr\\\/\",\"logo\":{\"@type\":\"ImageObject\",\"inLanguage\":\"es\",\"@id\":\"https:\\\/\\\/raroia.gr\\\/#\\\/schema\\\/logo\\\/image\\\/\",\"url\":\"https:\\\/\\\/raroia.gr\\\/wp-content\\\/uploads\\\/2024\\\/05\\\/Raroia-logo-plain.pdf-500-x-190-px.png\",\"contentUrl\":\"https:\\\/\\\/raroia.gr\\\/wp-content\\\/uploads\\\/2024\\\/05\\\/Raroia-logo-plain.pdf-500-x-190-px.png\",\"width\":500,\"height\":190,\"caption\":\"Raroia\"},\"image\":{\"@id\":\"https:\\\/\\\/raroia.gr\\\/#\\\/schema\\\/logo\\\/image\\\/\"},\"sameAs\":[\"https:\\\/\\\/www.facebook.com\\\/raroiaswimwear\",\"https:\\\/\\\/www.instagram.com\\\/raroia__swimwear\\\/\"]}]}<\/script>\n<!-- \/ Yoast SEO plugin. -->","yoast_head_json":{"title":"Blue Coral - Raroia","robots":{"index":"index","follow":"follow","max-snippet":"max-snippet:-1","max-image-preview":"max-image-preview:large","max-video-preview":"max-video-preview:-1"},"canonical":"https:\/\/raroia.gr\/es\/producto\/coral-azul\/","og_locale":"es_ES","og_type":"article","og_title":"Blue Coral - Raroia","og_url":"https:\/\/raroia.gr\/es\/producto\/coral-azul\/","og_site_name":"Raroia","article_publisher":"https:\/\/www.facebook.com\/raroiaswimwear","article_modified_time":"2024-09-14T16:14:37+00:00","og_image":[{"width":800,"height":1200,"url":"https:\/\/raroia.gr\/wp-content\/uploads\/2024\/06\/Blue-Coral.jpg","type":"image\/jpeg"}],"twitter_card":"summary_large_image","schema":{"@context":"https:\/\/schema.org","@graph":[{"@type":"WebPage","@id":"https:\/\/raroia.gr\/es\/producto\/coral-azul\/","url":"https:\/\/raroia.gr\/es\/producto\/coral-azul\/","name":"Blue Coral - Raroia","isPartOf":{"@id":"https:\/\/raroia.gr\/#website"},"primaryImageOfPage":{"@id":"https:\/\/raroia.gr\/es\/producto\/coral-azul\/#primaryimage"},"image":{"@id":"https:\/\/raroia.gr\/es\/producto\/coral-azul\/#primaryimage"},"thumbnailUrl":"https:\/\/raroia.gr\/wp-content\/uploads\/2024\/06\/Blue-Coral.jpg","datePublished":"2024-06-09T16:49:30+00:00","dateModified":"2024-09-14T16:14:37+00:00","breadcrumb":{"@id":"https:\/\/raroia.gr\/es\/producto\/coral-azul\/#breadcrumb"},"inLanguage":"es","potentialAction":[{"@type":"ReadAction","target":["https:\/\/raroia.gr\/es\/producto\/coral-azul\/"]}]},{"@type":"ImageObject","inLanguage":"es","@id":"https:\/\/raroia.gr\/es\/producto\/coral-azul\/#primaryimage","url":"https:\/\/raroia.gr\/wp-content\/uploads\/2024\/06\/Blue-Coral.jpg","contentUrl":"https:\/\/raroia.gr\/wp-content\/uploads\/2024\/06\/Blue-Coral.jpg","width":800,"height":1200},{"@type":"BreadcrumbList","@id":"https:\/\/raroia.gr\/es\/producto\/coral-azul\/#breadcrumb","itemListElement":[{"@type":"ListItem","position":1,"name":"Home","item":"https:\/\/raroia.gr\/raroia-%ce%b3%cf%85%ce%bd%ce%b1%ce%b9%ce%ba%ce%b5%ce%af%ce%b1-%ce%bc%ce%b1%ce%b3%ce%b9%cf%8c\/"},{"@type":"ListItem","position":2,"name":"Tienda","item":"https:\/\/raroia.gr\/es\/tienda\/"},{"@type":"ListItem","position":3,"name":"Blue Coral"}]},{"@type":"WebSite","@id":"https:\/\/raroia.gr\/#website","url":"https:\/\/raroia.gr\/","name":"Raroia","description":"\u0393\u03c5\u03bd\u03b1\u03b9\u03ba\u03b5\u03af\u03b1 \u03bc\u03b1\u03b3\u03b9\u03cc","publisher":{"@id":"https:\/\/raroia.gr\/#organization"},"potentialAction":[{"@type":"SearchAction","target":{"@type":"EntryPoint","urlTemplate":"https:\/\/raroia.gr\/?s={search_term_string}"},"query-input":{"@type":"PropertyValueSpecification","valueRequired":true,"valueName":"search_term_string"}}],"inLanguage":"es"},{"@type":"Organization","@id":"https:\/\/raroia.gr\/#organization","name":"Raroia","url":"https:\/\/raroia.gr\/","logo":{"@type":"ImageObject","inLanguage":"es","@id":"https:\/\/raroia.gr\/#\/schema\/logo\/image\/","url":"https:\/\/raroia.gr\/wp-content\/uploads\/2024\/05\/Raroia-logo-plain.pdf-500-x-190-px.png","contentUrl":"https:\/\/raroia.gr\/wp-content\/uploads\/2024\/05\/Raroia-logo-plain.pdf-500-x-190-px.png","width":500,"height":190,"caption":"Raroia"},"image":{"@id":"https:\/\/raroia.gr\/#\/schema\/logo\/image\/"},"sameAs":["https:\/\/www.facebook.com\/raroiaswimwear","https:\/\/www.instagram.com\/raroia__swimwear\/"]}]}},"_links":{"self":[{"href":"https:\/\/raroia.gr\/es\/wp-json\/wp\/v2\/product\/4052","targetHints":{"allow":["GET"]}}],"collection":[{"href":"https:\/\/raroia.gr\/es\/wp-json\/wp\/v2\/product"}],"about":[{"href":"https:\/\/raroia.gr\/es\/wp-json\/wp\/v2\/types\/product"}],"version-history":[{"count":10,"href":"https:\/\/raroia.gr\/es\/wp-json\/wp\/v2\/product\/4052\/revisions"}],"predecessor-version":[{"id":4378,"href":"https:\/\/raroia.gr\/es\/wp-json\/wp\/v2\/product\/4052\/revisions\/4378"}],"wp:featuredmedia":[{"embeddable":true,"href":"https:\/\/raroia.gr\/es\/wp-json\/wp\/v2\/media\/3471"}],"wp:attachment":[{"href":"https:\/\/raroia.gr\/es\/wp-json\/wp\/v2\/media?parent=4052"}],"wp:term":[{"taxonomy":"product_brand","embeddable":true,"href":"https:\/\/raroia.gr\/es\/wp-json\/wp\/v2\/product_brand?post=4052"},{"taxonomy":"product_cat","embeddable":true,"href":"https:\/\/raroia.gr\/es\/wp-json\/wp\/v2\/product_cat?post=4052"},{"taxonomy":"product_tag","embeddable":true,"href":"https:\/\/raroia.gr\/es\/wp-json\/wp\/v2\/product_tag?post=4052"}],"curies":[{"name":"wp","href":"https:\/\/api.w.org\/{rel}","templated":true}]}}